{"id":6919,"date":"2021-10-29T12:23:15","date_gmt":"2021-10-29T10:23:15","guid":{"rendered":"https:\/\/arnejacobsen.com\/work\/"},"modified":"2023-03-28T10:42:51","modified_gmt":"2023-03-28T08:42:51","slug":"vaerk","status":"publish","type":"page","link":"https:\/\/arnejacobsen.com\/da\/vaerk\/","title":{"rendered":"V\u00e6rk"},"content":{"rendered":"\n<p><\/p>\n\n\n\n<p>Arne Jacobsen var en vision\u00e6r og s\u00e6rdeles produktiv arkitekt og designer. Hans v\u00e6rk sp\u00e6nder fra arkitektur til interi\u00f8rer, m\u00f8bler, lamper, grafisk design, tekstiler og designobjekter som vandhaner og teknisk udstyr, ure, bestik med mere. Mange af hans ikoniske m\u00f8bler skabte han som en del af et arkitektonisk totaldesign. Udforsk nogle af Arne Jacobsen mest ber\u00f8mte arkitekturv\u00e6rker og designs her.<\/p>\n","protected":false},"excerpt":{"rendered":"<p>Arne Jacobsen var en vision\u00e6r og s\u00e6rdeles produktiv arkitekt og designer. Hans v\u00e6rk sp\u00e6nder fra arkitektur til interi\u00f8rer, m\u00f8bler, lamper, grafisk design, tekstiler og designobjekter som vandhaner og teknisk udstyr, ure, bestik med mere. Mange af hans ikoniske m\u00f8bler skabte han som en del af et arkitektonisk totaldesign. Udforsk nogle af Arne Jacobsen mest ber\u00f8mte [&hellip;]<\/p>\n","protected":false},"author":6,"featured_media":5134,"parent":0,"menu_order":0,"comment_status":"closed","ping_status":"closed","template":"tmpl-works.php","meta":{"_acf_changed":false,"footnotes":""},"tags":[],"class_list":["post-6919","page","type-page","status-publish","has-post-thumbnail","hentry"],"acf":[],"yoast_head":"<!-- This site is optimized with the Yoast SEO plugin v27.4 - https:\/\/yoast.com\/product\/yoast-seo-wordpress\/ -->\n<title>V\u00e6rk - Arne Jacobsen Design<\/title>\n<meta name=\"description\" content=\"Arne Jacobsen was a visionary and highly prolific architect and designer. Many of his furniture pieces were created as part of an architectural design.\" \/>\n<meta name=\"robots\" content=\"index, follow, max-snippet:-1, max-image-preview:large, max-video-preview:-1\" \/>\n<link rel=\"canonical\" href=\"https:\/\/arnejacobsen.com\/da\/vaerk\/\" \/>\n<meta property=\"og:locale\" content=\"da_DK\" \/>\n<meta property=\"og:type\" content=\"article\" \/>\n<meta property=\"og:title\" content=\"V\u00e6rk - Arne Jacobsen Design\" \/>\n<meta property=\"og:description\" content=\"Arne Jacobsen was a visionary and highly prolific architect and designer. Many of his furniture pieces were created as part of an architectural design.\" \/>\n<meta property=\"og:url\" content=\"https:\/\/arnejacobsen.com\/da\/vaerk\/\" \/>\n<meta property=\"og:site_name\" content=\"Arne Jacobsen\" \/>\n<meta property=\"article:modified_time\" content=\"2023-03-28T08:42:51+00:00\" \/>\n<meta property=\"og:image\" content=\"https:\/\/arnejacobsen.com\/wp-content\/uploads\/2021\/11\/work-hero.jpg\" \/>\n\t<meta property=\"og:image:width\" content=\"2160\" \/>\n\t<meta property=\"og:image:height\" content=\"1440\" \/>\n\t<meta property=\"og:image:type\" content=\"image\/jpeg\" \/>\n<meta name=\"twitter:card\" content=\"summary_large_image\" \/>\n<meta name=\"twitter:label1\" content=\"Estimeret l\u00e6setid\" \/>\n\t<meta name=\"twitter:data1\" content=\"1 minut\" \/>\n<script type=\"application\/ld+json\" class=\"yoast-schema-graph\">{\"@context\":\"https:\\\/\\\/schema.org\",\"@graph\":[{\"@type\":\"WebPage\",\"@id\":\"https:\\\/\\\/arnejacobsen.com\\\/da\\\/vaerk\\\/\",\"url\":\"https:\\\/\\\/arnejacobsen.com\\\/da\\\/vaerk\\\/\",\"name\":\"V\u00e6rk - Arne Jacobsen Design\",\"isPartOf\":{\"@id\":\"https:\\\/\\\/arnejacobsen.com\\\/#website\"},\"primaryImageOfPage\":{\"@id\":\"https:\\\/\\\/arnejacobsen.com\\\/da\\\/vaerk\\\/#primaryimage\"},\"image\":{\"@id\":\"https:\\\/\\\/arnejacobsen.com\\\/da\\\/vaerk\\\/#primaryimage\"},\"thumbnailUrl\":\"https:\\\/\\\/arnejacobsen.com\\\/wp-content\\\/uploads\\\/2021\\\/11\\\/work-hero.jpg\",\"datePublished\":\"2021-10-29T10:23:15+00:00\",\"dateModified\":\"2023-03-28T08:42:51+00:00\",\"description\":\"Arne Jacobsen was a visionary and highly prolific architect and designer. Many of his furniture pieces were created as part of an architectural design.\",\"breadcrumb\":{\"@id\":\"https:\\\/\\\/arnejacobsen.com\\\/da\\\/vaerk\\\/#breadcrumb\"},\"inLanguage\":\"da-DK\",\"potentialAction\":[{\"@type\":\"ReadAction\",\"target\":[\"https:\\\/\\\/arnejacobsen.com\\\/da\\\/vaerk\\\/\"]}]},{\"@type\":\"ImageObject\",\"inLanguage\":\"da-DK\",\"@id\":\"https:\\\/\\\/arnejacobsen.com\\\/da\\\/vaerk\\\/#primaryimage\",\"url\":\"https:\\\/\\\/arnejacobsen.com\\\/wp-content\\\/uploads\\\/2021\\\/11\\\/work-hero.jpg\",\"contentUrl\":\"https:\\\/\\\/arnejacobsen.com\\\/wp-content\\\/uploads\\\/2021\\\/11\\\/work-hero.jpg\",\"width\":2160,\"height\":1440},{\"@type\":\"BreadcrumbList\",\"@id\":\"https:\\\/\\\/arnejacobsen.com\\\/da\\\/vaerk\\\/#breadcrumb\",\"itemListElement\":[{\"@type\":\"ListItem\",\"position\":1,\"name\":\"Home\",\"item\":\"https:\\\/\\\/arnejacobsen.com\\\/da\\\/\"},{\"@type\":\"ListItem\",\"position\":2,\"name\":\"V\u00e6rk\"}]},{\"@type\":\"WebSite\",\"@id\":\"https:\\\/\\\/arnejacobsen.com\\\/#website\",\"url\":\"https:\\\/\\\/arnejacobsen.com\\\/\",\"name\":\"Arne Jacobsen\",\"description\":\"The Designer\",\"publisher\":{\"@id\":\"https:\\\/\\\/arnejacobsen.com\\\/#organization\"},\"potentialAction\":[{\"@type\":\"SearchAction\",\"target\":{\"@type\":\"EntryPoint\",\"urlTemplate\":\"https:\\\/\\\/arnejacobsen.com\\\/?s={search_term_string}\"},\"query-input\":{\"@type\":\"PropertyValueSpecification\",\"valueRequired\":true,\"valueName\":\"search_term_string\"}}],\"inLanguage\":\"da-DK\"},{\"@type\":\"Organization\",\"@id\":\"https:\\\/\\\/arnejacobsen.com\\\/#organization\",\"name\":\"Arne Jacobsen\",\"url\":\"https:\\\/\\\/arnejacobsen.com\\\/\",\"logo\":{\"@type\":\"ImageObject\",\"inLanguage\":\"da-DK\",\"@id\":\"https:\\\/\\\/arnejacobsen.com\\\/#\\\/schema\\\/logo\\\/image\\\/\",\"url\":\"https:\\\/\\\/arnejacobsen.com\\\/wp-content\\\/uploads\\\/2022\\\/06\\\/aj-sign.jpg\",\"contentUrl\":\"https:\\\/\\\/arnejacobsen.com\\\/wp-content\\\/uploads\\\/2022\\\/06\\\/aj-sign.jpg\",\"width\":400,\"height\":404,\"caption\":\"Arne Jacobsen\"},\"image\":{\"@id\":\"https:\\\/\\\/arnejacobsen.com\\\/#\\\/schema\\\/logo\\\/image\\\/\"}}]}<\/script>\n<!-- \/ Yoast SEO plugin. -->","yoast_head_json":{"title":"V\u00e6rk - Arne Jacobsen Design","description":"Arne Jacobsen was a visionary and highly prolific architect and designer. Many of his furniture pieces were created as part of an architectural design.","robots":{"index":"index","follow":"follow","max-snippet":"max-snippet:-1","max-image-preview":"max-image-preview:large","max-video-preview":"max-video-preview:-1"},"canonical":"https:\/\/arnejacobsen.com\/da\/vaerk\/","og_locale":"da_DK","og_type":"article","og_title":"V\u00e6rk - Arne Jacobsen Design","og_description":"Arne Jacobsen was a visionary and highly prolific architect and designer. Many of his furniture pieces were created as part of an architectural design.","og_url":"https:\/\/arnejacobsen.com\/da\/vaerk\/","og_site_name":"Arne Jacobsen","article_modified_time":"2023-03-28T08:42:51+00:00","og_image":[{"width":2160,"height":1440,"url":"https:\/\/arnejacobsen.com\/wp-content\/uploads\/2021\/11\/work-hero.jpg","type":"image\/jpeg"}],"twitter_card":"summary_large_image","twitter_misc":{"Estimeret l\u00e6setid":"1 minut"},"schema":{"@context":"https:\/\/schema.org","@graph":[{"@type":"WebPage","@id":"https:\/\/arnejacobsen.com\/da\/vaerk\/","url":"https:\/\/arnejacobsen.com\/da\/vaerk\/","name":"V\u00e6rk - Arne Jacobsen Design","isPartOf":{"@id":"https:\/\/arnejacobsen.com\/#website"},"primaryImageOfPage":{"@id":"https:\/\/arnejacobsen.com\/da\/vaerk\/#primaryimage"},"image":{"@id":"https:\/\/arnejacobsen.com\/da\/vaerk\/#primaryimage"},"thumbnailUrl":"https:\/\/arnejacobsen.com\/wp-content\/uploads\/2021\/11\/work-hero.jpg","datePublished":"2021-10-29T10:23:15+00:00","dateModified":"2023-03-28T08:42:51+00:00","description":"Arne Jacobsen was a visionary and highly prolific architect and designer. Many of his furniture pieces were created as part of an architectural design.","breadcrumb":{"@id":"https:\/\/arnejacobsen.com\/da\/vaerk\/#breadcrumb"},"inLanguage":"da-DK","potentialAction":[{"@type":"ReadAction","target":["https:\/\/arnejacobsen.com\/da\/vaerk\/"]}]},{"@type":"ImageObject","inLanguage":"da-DK","@id":"https:\/\/arnejacobsen.com\/da\/vaerk\/#primaryimage","url":"https:\/\/arnejacobsen.com\/wp-content\/uploads\/2021\/11\/work-hero.jpg","contentUrl":"https:\/\/arnejacobsen.com\/wp-content\/uploads\/2021\/11\/work-hero.jpg","width":2160,"height":1440},{"@type":"BreadcrumbList","@id":"https:\/\/arnejacobsen.com\/da\/vaerk\/#breadcrumb","itemListElement":[{"@type":"ListItem","position":1,"name":"Home","item":"https:\/\/arnejacobsen.com\/da\/"},{"@type":"ListItem","position":2,"name":"V\u00e6rk"}]},{"@type":"WebSite","@id":"https:\/\/arnejacobsen.com\/#website","url":"https:\/\/arnejacobsen.com\/","name":"Arne Jacobsen","description":"The Designer","publisher":{"@id":"https:\/\/arnejacobsen.com\/#organization"},"potentialAction":[{"@type":"SearchAction","target":{"@type":"EntryPoint","urlTemplate":"https:\/\/arnejacobsen.com\/?s={search_term_string}"},"query-input":{"@type":"PropertyValueSpecification","valueRequired":true,"valueName":"search_term_string"}}],"inLanguage":"da-DK"},{"@type":"Organization","@id":"https:\/\/arnejacobsen.com\/#organization","name":"Arne Jacobsen","url":"https:\/\/arnejacobsen.com\/","logo":{"@type":"ImageObject","inLanguage":"da-DK","@id":"https:\/\/arnejacobsen.com\/#\/schema\/logo\/image\/","url":"https:\/\/arnejacobsen.com\/wp-content\/uploads\/2022\/06\/aj-sign.jpg","contentUrl":"https:\/\/arnejacobsen.com\/wp-content\/uploads\/2022\/06\/aj-sign.jpg","width":400,"height":404,"caption":"Arne Jacobsen"},"image":{"@id":"https:\/\/arnejacobsen.com\/#\/schema\/logo\/image\/"}}]}},"_links":{"self":[{"href":"https:\/\/arnejacobsen.com\/da\/wp-json\/wp\/v2\/pages\/6919","targetHints":{"allow":["GET"]}}],"collection":[{"href":"https:\/\/arnejacobsen.com\/da\/wp-json\/wp\/v2\/pages"}],"about":[{"href":"https:\/\/arnejacobsen.com\/da\/wp-json\/wp\/v2\/types\/page"}],"author":[{"embeddable":true,"href":"https:\/\/arnejacobsen.com\/da\/wp-json\/wp\/v2\/users\/6"}],"replies":[{"embeddable":true,"href":"https:\/\/arnejacobsen.com\/da\/wp-json\/wp\/v2\/comments?post=6919"}],"version-history":[{"count":5,"href":"https:\/\/arnejacobsen.com\/da\/wp-json\/wp\/v2\/pages\/6919\/revisions"}],"predecessor-version":[{"id":7400,"href":"https:\/\/arnejacobsen.com\/da\/wp-json\/wp\/v2\/pages\/6919\/revisions\/7400"}],"wp:featuredmedia":[{"embeddable":true,"href":"https:\/\/arnejacobsen.com\/da\/wp-json\/wp\/v2\/media\/5134"}],"wp:attachment":[{"href":"https:\/\/arnejacobsen.com\/da\/wp-json\/wp\/v2\/media?parent=6919"}],"wp:term":[{"taxonomy":"post_tag","embeddable":true,"href":"https:\/\/arnejacobsen.com\/da\/wp-json\/wp\/v2\/tags?post=6919"}],"curies":[{"name":"wp","href":"https:\/\/api.w.org\/{rel}","templated":true}]}}