{"id":6800,"date":"2021-11-02T13:51:11","date_gmt":"2021-11-02T11:51:11","guid":{"rendered":"https:\/\/arnejacobsen.com\/viden\/complete-works\/"},"modified":"2026-03-06T15:23:36","modified_gmt":"2026-03-06T13:23:36","slug":"vaerkliste","status":"publish","type":"page","link":"https:\/\/arnejacobsen.com\/da\/viden\/vaerkliste\/","title":{"rendered":"V\u00e6rkliste"},"content":{"rendered":"","protected":false},"excerpt":{"rendered":"<p>Knowledge<\/p>\n","protected":false},"author":6,"featured_media":0,"parent":6780,"menu_order":0,"comment_status":"closed","ping_status":"closed","template":"","meta":{"_acf_changed":false,"footnotes":""},"tags":[],"class_list":["post-6800","page","type-page","status-publish","hentry"],"acf":[],"yoast_head":"<!-- This site is optimized with the Yoast SEO plugin v27.4 - https:\/\/yoast.com\/product\/yoast-seo-wordpress\/ -->\n<title>V\u00e6rkliste - Arne Jacobsen Design<\/title>\n<meta name=\"description\" content=\"Arne Jacobsens v\u00e6rk omfatter arkitekturprojekter, udstillingsdesign, interi\u00f8rer, m\u00f8bler, lampedesigns, grafisk design og mindre genstande som ure, glas og bestik mm.\" \/>\n<meta name=\"robots\" content=\"index, follow, max-snippet:-1, max-image-preview:large, max-video-preview:-1\" \/>\n<link rel=\"canonical\" href=\"https:\/\/arnejacobsen.com\/da\/viden\/vaerkliste\/\" \/>\n<meta property=\"og:locale\" content=\"da_DK\" \/>\n<meta property=\"og:type\" content=\"article\" \/>\n<meta property=\"og:title\" content=\"V\u00e6rkliste - Arne Jacobsen Design\" \/>\n<meta property=\"og:description\" content=\"Arne Jacobsens v\u00e6rk omfatter arkitekturprojekter, udstillingsdesign, interi\u00f8rer, m\u00f8bler, lampedesigns, grafisk design og mindre genstande som ure, glas og bestik mm.\" \/>\n<meta property=\"og:url\" content=\"https:\/\/arnejacobsen.com\/da\/viden\/vaerkliste\/\" \/>\n<meta property=\"og:site_name\" content=\"Arne Jacobsen\" \/>\n<meta property=\"article:modified_time\" content=\"2026-03-06T13:23:36+00:00\" \/>\n<meta name=\"twitter:card\" content=\"summary_large_image\" \/>\n<script type=\"application\/ld+json\" class=\"yoast-schema-graph\">{\"@context\":\"https:\\\/\\\/schema.org\",\"@graph\":[{\"@type\":\"WebPage\",\"@id\":\"https:\\\/\\\/arnejacobsen.com\\\/da\\\/viden\\\/vaerkliste\\\/\",\"url\":\"https:\\\/\\\/arnejacobsen.com\\\/da\\\/viden\\\/vaerkliste\\\/\",\"name\":\"V\u00e6rkliste - Arne Jacobsen Design\",\"isPartOf\":{\"@id\":\"https:\\\/\\\/arnejacobsen.com\\\/#website\"},\"datePublished\":\"2021-11-02T11:51:11+00:00\",\"dateModified\":\"2026-03-06T13:23:36+00:00\",\"description\":\"Arne Jacobsens v\u00e6rk omfatter arkitekturprojekter, udstillingsdesign, interi\u00f8rer, m\u00f8bler, lampedesigns, grafisk design og mindre genstande som ure, glas og bestik mm.\",\"breadcrumb\":{\"@id\":\"https:\\\/\\\/arnejacobsen.com\\\/da\\\/viden\\\/vaerkliste\\\/#breadcrumb\"},\"inLanguage\":\"da-DK\",\"potentialAction\":[{\"@type\":\"ReadAction\",\"target\":[\"https:\\\/\\\/arnejacobsen.com\\\/da\\\/viden\\\/vaerkliste\\\/\"]}]},{\"@type\":\"BreadcrumbList\",\"@id\":\"https:\\\/\\\/arnejacobsen.com\\\/da\\\/viden\\\/vaerkliste\\\/#breadcrumb\",\"itemListElement\":[{\"@type\":\"ListItem\",\"position\":1,\"name\":\"Home\",\"item\":\"https:\\\/\\\/arnejacobsen.com\\\/da\\\/\"},{\"@type\":\"ListItem\",\"position\":2,\"name\":\"Mere viden\",\"item\":\"https:\\\/\\\/arnejacobsen.com\\\/da\\\/viden\\\/\"},{\"@type\":\"ListItem\",\"position\":3,\"name\":\"V\u00e6rkliste\"}]},{\"@type\":\"WebSite\",\"@id\":\"https:\\\/\\\/arnejacobsen.com\\\/#website\",\"url\":\"https:\\\/\\\/arnejacobsen.com\\\/\",\"name\":\"Arne Jacobsen\",\"description\":\"The Designer\",\"publisher\":{\"@id\":\"https:\\\/\\\/arnejacobsen.com\\\/#organization\"},\"potentialAction\":[{\"@type\":\"SearchAction\",\"target\":{\"@type\":\"EntryPoint\",\"urlTemplate\":\"https:\\\/\\\/arnejacobsen.com\\\/?s={search_term_string}\"},\"query-input\":{\"@type\":\"PropertyValueSpecification\",\"valueRequired\":true,\"valueName\":\"search_term_string\"}}],\"inLanguage\":\"da-DK\"},{\"@type\":\"Organization\",\"@id\":\"https:\\\/\\\/arnejacobsen.com\\\/#organization\",\"name\":\"Arne Jacobsen\",\"url\":\"https:\\\/\\\/arnejacobsen.com\\\/\",\"logo\":{\"@type\":\"ImageObject\",\"inLanguage\":\"da-DK\",\"@id\":\"https:\\\/\\\/arnejacobsen.com\\\/#\\\/schema\\\/logo\\\/image\\\/\",\"url\":\"https:\\\/\\\/arnejacobsen.com\\\/wp-content\\\/uploads\\\/2022\\\/06\\\/aj-sign.jpg\",\"contentUrl\":\"https:\\\/\\\/arnejacobsen.com\\\/wp-content\\\/uploads\\\/2022\\\/06\\\/aj-sign.jpg\",\"width\":400,\"height\":404,\"caption\":\"Arne Jacobsen\"},\"image\":{\"@id\":\"https:\\\/\\\/arnejacobsen.com\\\/#\\\/schema\\\/logo\\\/image\\\/\"}}]}<\/script>\n<!-- \/ Yoast SEO plugin. -->","yoast_head_json":{"title":"V\u00e6rkliste - Arne Jacobsen Design","description":"Arne Jacobsens v\u00e6rk omfatter arkitekturprojekter, udstillingsdesign, interi\u00f8rer, m\u00f8bler, lampedesigns, grafisk design og mindre genstande som ure, glas og bestik mm.","robots":{"index":"index","follow":"follow","max-snippet":"max-snippet:-1","max-image-preview":"max-image-preview:large","max-video-preview":"max-video-preview:-1"},"canonical":"https:\/\/arnejacobsen.com\/da\/viden\/vaerkliste\/","og_locale":"da_DK","og_type":"article","og_title":"V\u00e6rkliste - Arne Jacobsen Design","og_description":"Arne Jacobsens v\u00e6rk omfatter arkitekturprojekter, udstillingsdesign, interi\u00f8rer, m\u00f8bler, lampedesigns, grafisk design og mindre genstande som ure, glas og bestik mm.","og_url":"https:\/\/arnejacobsen.com\/da\/viden\/vaerkliste\/","og_site_name":"Arne Jacobsen","article_modified_time":"2026-03-06T13:23:36+00:00","twitter_card":"summary_large_image","schema":{"@context":"https:\/\/schema.org","@graph":[{"@type":"WebPage","@id":"https:\/\/arnejacobsen.com\/da\/viden\/vaerkliste\/","url":"https:\/\/arnejacobsen.com\/da\/viden\/vaerkliste\/","name":"V\u00e6rkliste - Arne Jacobsen Design","isPartOf":{"@id":"https:\/\/arnejacobsen.com\/#website"},"datePublished":"2021-11-02T11:51:11+00:00","dateModified":"2026-03-06T13:23:36+00:00","description":"Arne Jacobsens v\u00e6rk omfatter arkitekturprojekter, udstillingsdesign, interi\u00f8rer, m\u00f8bler, lampedesigns, grafisk design og mindre genstande som ure, glas og bestik mm.","breadcrumb":{"@id":"https:\/\/arnejacobsen.com\/da\/viden\/vaerkliste\/#breadcrumb"},"inLanguage":"da-DK","potentialAction":[{"@type":"ReadAction","target":["https:\/\/arnejacobsen.com\/da\/viden\/vaerkliste\/"]}]},{"@type":"BreadcrumbList","@id":"https:\/\/arnejacobsen.com\/da\/viden\/vaerkliste\/#breadcrumb","itemListElement":[{"@type":"ListItem","position":1,"name":"Home","item":"https:\/\/arnejacobsen.com\/da\/"},{"@type":"ListItem","position":2,"name":"Mere viden","item":"https:\/\/arnejacobsen.com\/da\/viden\/"},{"@type":"ListItem","position":3,"name":"V\u00e6rkliste"}]},{"@type":"WebSite","@id":"https:\/\/arnejacobsen.com\/#website","url":"https:\/\/arnejacobsen.com\/","name":"Arne Jacobsen","description":"The Designer","publisher":{"@id":"https:\/\/arnejacobsen.com\/#organization"},"potentialAction":[{"@type":"SearchAction","target":{"@type":"EntryPoint","urlTemplate":"https:\/\/arnejacobsen.com\/?s={search_term_string}"},"query-input":{"@type":"PropertyValueSpecification","valueRequired":true,"valueName":"search_term_string"}}],"inLanguage":"da-DK"},{"@type":"Organization","@id":"https:\/\/arnejacobsen.com\/#organization","name":"Arne Jacobsen","url":"https:\/\/arnejacobsen.com\/","logo":{"@type":"ImageObject","inLanguage":"da-DK","@id":"https:\/\/arnejacobsen.com\/#\/schema\/logo\/image\/","url":"https:\/\/arnejacobsen.com\/wp-content\/uploads\/2022\/06\/aj-sign.jpg","contentUrl":"https:\/\/arnejacobsen.com\/wp-content\/uploads\/2022\/06\/aj-sign.jpg","width":400,"height":404,"caption":"Arne Jacobsen"},"image":{"@id":"https:\/\/arnejacobsen.com\/#\/schema\/logo\/image\/"}}]}},"_links":{"self":[{"href":"https:\/\/arnejacobsen.com\/da\/wp-json\/wp\/v2\/pages\/6800","targetHints":{"allow":["GET"]}}],"collection":[{"href":"https:\/\/arnejacobsen.com\/da\/wp-json\/wp\/v2\/pages"}],"about":[{"href":"https:\/\/arnejacobsen.com\/da\/wp-json\/wp\/v2\/types\/page"}],"author":[{"embeddable":true,"href":"https:\/\/arnejacobsen.com\/da\/wp-json\/wp\/v2\/users\/6"}],"replies":[{"embeddable":true,"href":"https:\/\/arnejacobsen.com\/da\/wp-json\/wp\/v2\/comments?post=6800"}],"version-history":[{"count":43,"href":"https:\/\/arnejacobsen.com\/da\/wp-json\/wp\/v2\/pages\/6800\/revisions"}],"predecessor-version":[{"id":9229,"href":"https:\/\/arnejacobsen.com\/da\/wp-json\/wp\/v2\/pages\/6800\/revisions\/9229"}],"up":[{"embeddable":true,"href":"https:\/\/arnejacobsen.com\/da\/wp-json\/wp\/v2\/pages\/6780"}],"wp:attachment":[{"href":"https:\/\/arnejacobsen.com\/da\/wp-json\/wp\/v2\/media?parent=6800"}],"wp:term":[{"taxonomy":"post_tag","embeddable":true,"href":"https:\/\/arnejacobsen.com\/da\/wp-json\/wp\/v2\/tags?post=6800"}],"curies":[{"name":"wp","href":"https:\/\/api.w.org\/{rel}","templated":true}]}}